{"id":9894,"date":"2026-03-14T15:46:07","date_gmt":"2026-03-14T15:46:07","guid":{"rendered":"https:\/\/lmropaccesorios.com\/?post_type=product&#038;p=9894"},"modified":"2026-03-19T20:37:01","modified_gmt":"2026-03-19T20:37:01","slug":"blusa-juana","status":"publish","type":"product","link":"https:\/\/lmropaccesorios.com\/index.php\/producto\/blusa-juana\/","title":{"rendered":"Blusa Juana"},"content":{"rendered":"<p>Blusa tela seda ray\u00f3n,cuello media polera,mangas amplias con botones de n\u00e1car,lazo en la espalda,corte evas\u00e9,amplia<\/p>\n<p>Medidas Aproximadas<\/p>\n<p>Busto 120cm<\/p>\n<p>Largo de mangas 65cm<\/p>\n<p>Contorno 120cm<\/p>\n<p>Lavar a mano con agua fr\u00eda y jab\u00f3n neutro<\/p>\n","protected":false},"excerpt":{"rendered":"<p>Blusa tela seda ray\u00f3n,cuello media polera,mangas amplias con botones de n\u00e1car,lazo en la espalda,corte evas\u00e9,amplia Medidas Aproximadas Busto 120cm Largo de mangas 65cm Contorno 120cm Lavar a mano con agua fr\u00eda y jab\u00f3n neutro<\/p>\n","protected":false},"featured_media":9895,"comment_status":"open","ping_status":"closed","template":"","meta":{"site-sidebar-layout":"default","site-content-layout":"default","ast-global-header-display":"","ast-main-header-display":"","ast-hfb-above-header-display":"","ast-hfb-below-header-display":"","ast-hfb-mobile-header-display":"","site-post-title":"","ast-breadcrumbs-content":"","ast-featured-img":"","footer-sml-layout":"","theme-transparent-header-meta":"default","adv-header-id-meta":"","stick-header-meta":"","header-above-stick-meta":"","header-main-stick-meta":"","header-below-stick-meta":"","_joinchat":[]},"product_brand":[],"product_cat":[32,77],"product_tag":[],"class_list":{"0":"post-9894","1":"product","2":"type-product","3":"status-publish","4":"has-post-thumbnail","6":"product_cat-camisas","7":"product_cat-nuevos-ingresos","8":"desktop-align-left","9":"tablet-align-left","10":"mobile-align-left","12":"first","13":"instock","14":"shipping-taxable","15":"purchasable","16":"product-type-variable"},"_links":{"self":[{"href":"https:\/\/lmropaccesorios.com\/index.php\/wp-json\/wp\/v2\/product\/9894","targetHints":{"allow":["GET"]}}],"collection":[{"href":"https:\/\/lmropaccesorios.com\/index.php\/wp-json\/wp\/v2\/product"}],"about":[{"href":"https:\/\/lmropaccesorios.com\/index.php\/wp-json\/wp\/v2\/types\/product"}],"replies":[{"embeddable":true,"href":"https:\/\/lmropaccesorios.com\/index.php\/wp-json\/wp\/v2\/comments?post=9894"}],"wp:featuredmedia":[{"embeddable":true,"href":"https:\/\/lmropaccesorios.com\/index.php\/wp-json\/wp\/v2\/media\/9895"}],"wp:attachment":[{"href":"https:\/\/lmropaccesorios.com\/index.php\/wp-json\/wp\/v2\/media?parent=9894"}],"wp:term":[{"taxonomy":"product_brand","embeddable":true,"href":"https:\/\/lmropaccesorios.com\/index.php\/wp-json\/wp\/v2\/product_brand?post=9894"},{"taxonomy":"product_cat","embeddable":true,"href":"https:\/\/lmropaccesorios.com\/index.php\/wp-json\/wp\/v2\/product_cat?post=9894"},{"taxonomy":"product_tag","embeddable":true,"href":"https:\/\/lmropaccesorios.com\/index.php\/wp-json\/wp\/v2\/product_tag?post=9894"}],"curies":[{"name":"wp","href":"https:\/\/api.w.org\/{rel}","templated":true}]}}