{"id":9874,"date":"2026-03-11T15:42:33","date_gmt":"2026-03-11T15:42:33","guid":{"rendered":"https:\/\/lmropaccesorios.com\/?post_type=product&#038;p=9874"},"modified":"2026-03-28T01:04:33","modified_gmt":"2026-03-28T01:04:33","slug":"pantalon-berni","status":"publish","type":"product","link":"https:\/\/lmropaccesorios.com\/index.php\/producto\/pantalon-berni\/","title":{"rendered":"Pantal\u00f3n Berni"},"content":{"rendered":"<p>Pantal\u00f3n de bengalina,tela con spandex,tiene el\u00e1stico en la cintura y bolsillo en ambos lados,corte chupin<\/p>\n<p>Medidas Aproximadas<\/p>\n<p>Contrato.cadera 100cm<\/p>\n<p>Largo 95cm<\/p>\n<p>Ancho cadera 120cm<\/p>\n","protected":false},"excerpt":{"rendered":"<p>Pantal\u00f3n de bengalina,tela con spandex,tiene el\u00e1stico en la cintura y bolsillo en ambos lados,corte chupin Medidas Aproximadas Contrato.cadera 100cm Largo 95cm Ancho cadera 120cm<\/p>\n","protected":false},"featured_media":9884,"comment_status":"open","ping_status":"closed","template":"","meta":{"site-sidebar-layout":"default","site-content-layout":"default","ast-global-header-display":"","ast-main-header-display":"","ast-hfb-above-header-display":"","ast-hfb-below-header-display":"","ast-hfb-mobile-header-display":"","site-post-title":"","ast-breadcrumbs-content":"","ast-featured-img":"","footer-sml-layout":"","theme-transparent-header-meta":"default","adv-header-id-meta":"","stick-header-meta":"","header-above-stick-meta":"","header-main-stick-meta":"","header-below-stick-meta":"","_joinchat":[]},"product_brand":[],"product_cat":[77,44],"product_tag":[],"class_list":{"0":"post-9874","1":"product","2":"type-product","3":"status-publish","4":"has-post-thumbnail","6":"product_cat-nuevos-ingresos","7":"product_cat-pantalones","8":"desktop-align-left","9":"tablet-align-left","10":"mobile-align-left","12":"first","13":"instock","14":"shipping-taxable","15":"purchasable","16":"product-type-variable"},"_links":{"self":[{"href":"https:\/\/lmropaccesorios.com\/index.php\/wp-json\/wp\/v2\/product\/9874","targetHints":{"allow":["GET"]}}],"collection":[{"href":"https:\/\/lmropaccesorios.com\/index.php\/wp-json\/wp\/v2\/product"}],"about":[{"href":"https:\/\/lmropaccesorios.com\/index.php\/wp-json\/wp\/v2\/types\/product"}],"replies":[{"embeddable":true,"href":"https:\/\/lmropaccesorios.com\/index.php\/wp-json\/wp\/v2\/comments?post=9874"}],"wp:featuredmedia":[{"embeddable":true,"href":"https:\/\/lmropaccesorios.com\/index.php\/wp-json\/wp\/v2\/media\/9884"}],"wp:attachment":[{"href":"https:\/\/lmropaccesorios.com\/index.php\/wp-json\/wp\/v2\/media?parent=9874"}],"wp:term":[{"taxonomy":"product_brand","embeddable":true,"href":"https:\/\/lmropaccesorios.com\/index.php\/wp-json\/wp\/v2\/product_brand?post=9874"},{"taxonomy":"product_cat","embeddable":true,"href":"https:\/\/lmropaccesorios.com\/index.php\/wp-json\/wp\/v2\/product_cat?post=9874"},{"taxonomy":"product_tag","embeddable":true,"href":"https:\/\/lmropaccesorios.com\/index.php\/wp-json\/wp\/v2\/product_tag?post=9874"}],"curies":[{"name":"wp","href":"https:\/\/api.w.org\/{rel}","templated":true}]}}