{"id":9852,"date":"2026-03-10T19:04:47","date_gmt":"2026-03-10T19:04:47","guid":{"rendered":"https:\/\/lmropaccesorios.com\/?post_type=product&#038;p=9852"},"modified":"2026-04-11T15:09:25","modified_gmt":"2026-04-11T15:09:25","slug":"camisa-jacinta","status":"publish","type":"product","link":"https:\/\/lmropaccesorios.com\/index.php\/producto\/camisa-jacinta\/","title":{"rendered":"Camisa Jacinta"},"content":{"rendered":"<p>Camisade tela lino madrile\u00f1o,con detalles de tablas,pu\u00f1os con el\u00e1stico,mangas corte arlequ\u00edn<\/p>\n<p>Lavar a mano<\/p>\n<p>Medidas aproximadas:<\/p>\n<p>Largo de manga.\u00a0 60cm<\/p>\n<p>Ancho de hombro.\u00a0 47cm<\/p>\n<p>Largo trasero.\u00a0 61cm<\/p>\n<p>Largo delantero.\u00a0 57cm<\/p>\n<p>Busto.\u00a0 110cm<\/p>\n<p>Ancho.\u00a0 105cm(tomado a la mitad de la prenda)<\/p>\n","protected":false},"excerpt":{"rendered":"<p>Camisade tela lino madrile\u00f1o,con detalles de tablas,pu\u00f1os con el\u00e1stico,mangas corte arlequ\u00edn Lavar a mano Medidas aproximadas: Largo de manga.\u00a0 60cm Ancho de hombro.\u00a0 47cm Largo trasero.\u00a0 61cm Largo delantero.\u00a0 57cm Busto.\u00a0 110cm Ancho.\u00a0 105cm(tomado a la mitad de la prenda)<\/p>\n","protected":false},"featured_media":9864,"comment_status":"open","ping_status":"closed","template":"","meta":{"site-sidebar-layout":"default","site-content-layout":"default","ast-global-header-display":"","ast-main-header-display":"","ast-hfb-above-header-display":"","ast-hfb-below-header-display":"","ast-hfb-mobile-header-display":"","site-post-title":"","ast-breadcrumbs-content":"","ast-featured-img":"","footer-sml-layout":"","theme-transparent-header-meta":"default","adv-header-id-meta":"","stick-header-meta":"","header-above-stick-meta":"","header-main-stick-meta":"","header-below-stick-meta":"","_joinchat":[]},"product_brand":[],"product_cat":[32,77],"product_tag":[],"class_list":{"0":"post-9852","1":"product","2":"type-product","3":"status-publish","4":"has-post-thumbnail","6":"product_cat-camisas","7":"product_cat-nuevos-ingresos","8":"desktop-align-left","9":"tablet-align-left","10":"mobile-align-left","12":"first","13":"instock","14":"shipping-taxable","15":"purchasable","16":"product-type-variable"},"_links":{"self":[{"href":"https:\/\/lmropaccesorios.com\/index.php\/wp-json\/wp\/v2\/product\/9852","targetHints":{"allow":["GET"]}}],"collection":[{"href":"https:\/\/lmropaccesorios.com\/index.php\/wp-json\/wp\/v2\/product"}],"about":[{"href":"https:\/\/lmropaccesorios.com\/index.php\/wp-json\/wp\/v2\/types\/product"}],"replies":[{"embeddable":true,"href":"https:\/\/lmropaccesorios.com\/index.php\/wp-json\/wp\/v2\/comments?post=9852"}],"wp:featuredmedia":[{"embeddable":true,"href":"https:\/\/lmropaccesorios.com\/index.php\/wp-json\/wp\/v2\/media\/9864"}],"wp:attachment":[{"href":"https:\/\/lmropaccesorios.com\/index.php\/wp-json\/wp\/v2\/media?parent=9852"}],"wp:term":[{"taxonomy":"product_brand","embeddable":true,"href":"https:\/\/lmropaccesorios.com\/index.php\/wp-json\/wp\/v2\/product_brand?post=9852"},{"taxonomy":"product_cat","embeddable":true,"href":"https:\/\/lmropaccesorios.com\/index.php\/wp-json\/wp\/v2\/product_cat?post=9852"},{"taxonomy":"product_tag","embeddable":true,"href":"https:\/\/lmropaccesorios.com\/index.php\/wp-json\/wp\/v2\/product_tag?post=9852"}],"curies":[{"name":"wp","href":"https:\/\/api.w.org\/{rel}","templated":true}]}}