{"id":9619,"date":"2025-11-04T18:08:24","date_gmt":"2025-11-04T18:08:24","guid":{"rendered":"https:\/\/lmropaccesorios.com\/?post_type=product&#038;p=9619"},"modified":"2025-12-08T20:22:03","modified_gmt":"2025-12-08T20:22:03","slug":"cinturon-flopy","status":"publish","type":"product","link":"https:\/\/lmropaccesorios.com\/index.php\/producto\/cinturon-flopy\/","title":{"rendered":"Cintur\u00f3n Flopy"},"content":{"rendered":"<p>Cintur\u00f3n el\u00e1stico, hebilla de piedras que forma una flor con 3 p\u00e9talos de cada lado<\/p>\n<p>Elastiza hasta 100cm<\/p>\n","protected":false},"excerpt":{"rendered":"<p>Cintur\u00f3n el\u00e1stico, hebilla de piedras que forma una flor con 3 p\u00e9talos de cada lado Elastiza hasta 100cm<\/p>\n","protected":false},"featured_media":9620,"comment_status":"open","ping_status":"closed","template":"","meta":{"site-sidebar-layout":"default","site-content-layout":"default","ast-global-header-display":"","ast-main-header-display":"","ast-hfb-above-header-display":"","ast-hfb-below-header-display":"","ast-hfb-mobile-header-display":"","site-post-title":"","ast-breadcrumbs-content":"","ast-featured-img":"","footer-sml-layout":"","theme-transparent-header-meta":"default","adv-header-id-meta":"","stick-header-meta":"","header-above-stick-meta":"","header-main-stick-meta":"","header-below-stick-meta":"","_joinchat":[]},"product_brand":[],"product_cat":[48,50,77],"product_tag":[],"class_list":{"0":"post-9619","1":"product","2":"type-product","3":"status-publish","4":"has-post-thumbnail","6":"product_cat-accesorios","7":"product_cat-complementos","8":"product_cat-nuevos-ingresos","9":"desktop-align-left","10":"tablet-align-left","11":"mobile-align-left","13":"first","14":"outofstock","15":"shipping-taxable","16":"purchasable","17":"product-type-variable"},"_links":{"self":[{"href":"https:\/\/lmropaccesorios.com\/index.php\/wp-json\/wp\/v2\/product\/9619","targetHints":{"allow":["GET"]}}],"collection":[{"href":"https:\/\/lmropaccesorios.com\/index.php\/wp-json\/wp\/v2\/product"}],"about":[{"href":"https:\/\/lmropaccesorios.com\/index.php\/wp-json\/wp\/v2\/types\/product"}],"replies":[{"embeddable":true,"href":"https:\/\/lmropaccesorios.com\/index.php\/wp-json\/wp\/v2\/comments?post=9619"}],"wp:featuredmedia":[{"embeddable":true,"href":"https:\/\/lmropaccesorios.com\/index.php\/wp-json\/wp\/v2\/media\/9620"}],"wp:attachment":[{"href":"https:\/\/lmropaccesorios.com\/index.php\/wp-json\/wp\/v2\/media?parent=9619"}],"wp:term":[{"taxonomy":"product_brand","embeddable":true,"href":"https:\/\/lmropaccesorios.com\/index.php\/wp-json\/wp\/v2\/product_brand?post=9619"},{"taxonomy":"product_cat","embeddable":true,"href":"https:\/\/lmropaccesorios.com\/index.php\/wp-json\/wp\/v2\/product_cat?post=9619"},{"taxonomy":"product_tag","embeddable":true,"href":"https:\/\/lmropaccesorios.com\/index.php\/wp-json\/wp\/v2\/product_tag?post=9619"}],"curies":[{"name":"wp","href":"https:\/\/api.w.org\/{rel}","templated":true}]}}