{"id":8998,"date":"2025-05-31T16:42:31","date_gmt":"2025-05-31T16:42:31","guid":{"rendered":"https:\/\/lmropaccesorios.com\/?post_type=product&#038;p=8998"},"modified":"2025-08-09T22:49:59","modified_gmt":"2025-08-09T22:49:59","slug":"sweater-otono","status":"publish","type":"product","link":"https:\/\/lmropaccesorios.com\/index.php\/producto\/sweater-otono\/","title":{"rendered":"Sweater Oto\u00f1o"},"content":{"rendered":"<hr \/>\n<ol>\n<li>Sweater cuello redondo ,pu\u00f1os con el\u00e1stico,detalle de perlas en su parte delantera al igual que en parte de sus mangas<\/li>\n<li>Recomendamos lavar a mano<\/li>\n<li>Talle \u00fanico<\/li>\n<li>Medidas aproximadas<\/li>\n<li>Largo 58cm<\/li>\n<li>Largo de manga 60cm<\/li>\n<li>Sisa 24cm<\/li>\n<li>Ancho 52cm<\/li>\n<li>Busto 110cm<\/li>\n<li><\/li>\n<\/ol>\n","protected":false},"excerpt":{"rendered":"<p>Sweater cuello redondo ,pu\u00f1os con el\u00e1stico,detalle de perlas en su parte delantera al igual que en parte de sus mangas Recomendamos lavar a mano Talle \u00fanico Medidas aproximadas Largo 58cm Largo de manga 60cm Sisa 24cm Ancho 52cm Busto 110cm<\/p>\n","protected":false},"featured_media":8999,"comment_status":"open","ping_status":"closed","template":"","meta":{"site-sidebar-layout":"default","site-content-layout":"default","ast-global-header-display":"","ast-main-header-display":"","ast-hfb-above-header-display":"","ast-hfb-below-header-display":"","ast-hfb-mobile-header-display":"","site-post-title":"","ast-breadcrumbs-content":"","ast-featured-img":"","footer-sml-layout":"","theme-transparent-header-meta":"default","adv-header-id-meta":"","stick-header-meta":"","header-above-stick-meta":"","header-main-stick-meta":"","header-below-stick-meta":"","_joinchat":[]},"product_brand":[],"product_cat":[77,33],"product_tag":[],"class_list":{"0":"post-8998","1":"product","2":"type-product","3":"status-publish","4":"has-post-thumbnail","6":"product_cat-nuevos-ingresos","7":"product_cat-buzos","8":"desktop-align-left","9":"tablet-align-left","10":"mobile-align-left","12":"first","13":"instock","14":"shipping-taxable","15":"purchasable","16":"product-type-variable"},"_links":{"self":[{"href":"https:\/\/lmropaccesorios.com\/index.php\/wp-json\/wp\/v2\/product\/8998","targetHints":{"allow":["GET"]}}],"collection":[{"href":"https:\/\/lmropaccesorios.com\/index.php\/wp-json\/wp\/v2\/product"}],"about":[{"href":"https:\/\/lmropaccesorios.com\/index.php\/wp-json\/wp\/v2\/types\/product"}],"replies":[{"embeddable":true,"href":"https:\/\/lmropaccesorios.com\/index.php\/wp-json\/wp\/v2\/comments?post=8998"}],"wp:featuredmedia":[{"embeddable":true,"href":"https:\/\/lmropaccesorios.com\/index.php\/wp-json\/wp\/v2\/media\/8999"}],"wp:attachment":[{"href":"https:\/\/lmropaccesorios.com\/index.php\/wp-json\/wp\/v2\/media?parent=8998"}],"wp:term":[{"taxonomy":"product_brand","embeddable":true,"href":"https:\/\/lmropaccesorios.com\/index.php\/wp-json\/wp\/v2\/product_brand?post=8998"},{"taxonomy":"product_cat","embeddable":true,"href":"https:\/\/lmropaccesorios.com\/index.php\/wp-json\/wp\/v2\/product_cat?post=8998"},{"taxonomy":"product_tag","embeddable":true,"href":"https:\/\/lmropaccesorios.com\/index.php\/wp-json\/wp\/v2\/product_tag?post=8998"}],"curies":[{"name":"wp","href":"https:\/\/api.w.org\/{rel}","templated":true}]}}