{"id":10204,"date":"2026-04-09T19:54:35","date_gmt":"2026-04-09T19:54:35","guid":{"rendered":"https:\/\/lmropaccesorios.com\/?post_type=product&#038;p=10204"},"modified":"2026-04-11T15:08:20","modified_gmt":"2026-04-11T15:08:20","slug":"babucha-aladin","status":"publish","type":"product","link":"https:\/\/lmropaccesorios.com\/index.php\/producto\/babucha-aladin\/","title":{"rendered":"Babucha Alad\u00edn"},"content":{"rendered":"<p dir=\"ltr\">Nuestra <b>Babucha Alad\u00edn<\/b> es esa prenda que no sab\u00edas que necesitabas hasta que la prob\u00e1s. Confeccionada en sedita\u00a0<b>ray\u00f3n<\/b>, ofrece una ca\u00edda ligera y un movimiento incre\u00edble que acompa\u00f1a cada paso.<\/p>\n<ul>\n<li dir=\"ltr\">\u200b<b>Detalle:<\/b> Pu\u00f1os regulables con lazo para ajustar el volumen a tu gusto.<\/li>\n<li dir=\"ltr\">\u200b<b>Comodidad:<\/b> Cintura elastizada que se adapta perfectamente.<\/li>\n<li dir=\"ltr\">\u200b<b>Vibe:<\/b> Un estilo relajado pero con mucha personalidad<\/li>\n<li dir=\"ltr\">Medidas Aproximadas<\/li>\n<li dir=\"ltr\">Cintura fija 60cm<\/li>\n<li dir=\"ltr\">Cintura elastizada 100cm<\/li>\n<li dir=\"ltr\">Largo 100cm<\/li>\n<\/ul>\n","protected":false},"excerpt":{"rendered":"<p>Nuestra Babucha Alad\u00edn es esa prenda que no sab\u00edas que necesitabas hasta que la prob\u00e1s. Confeccionada en sedita\u00a0ray\u00f3n, ofrece una ca\u00edda ligera y un movimiento incre\u00edble que acompa\u00f1a cada paso. \u200bDetalle: Pu\u00f1os regulables con lazo para ajustar el volumen a tu gusto. \u200bComodidad: Cintura elastizada que se adapta perfectamente. \u200bVibe: Un estilo relajado pero con &hellip;<\/p>\n<p class=\"read-more\"> <a class=\"\" href=\"https:\/\/lmropaccesorios.com\/index.php\/producto\/babucha-aladin\/\"> <span class=\"screen-reader-text\">Babucha Alad\u00edn<\/span> Leer m\u00e1s &raquo;<\/a><\/p>\n","protected":false},"featured_media":10205,"comment_status":"open","ping_status":"closed","template":"","meta":{"site-sidebar-layout":"default","site-content-layout":"default","ast-global-header-display":"","ast-main-header-display":"","ast-hfb-above-header-display":"","ast-hfb-below-header-display":"","ast-hfb-mobile-header-display":"","site-post-title":"","ast-breadcrumbs-content":"","ast-featured-img":"","footer-sml-layout":"","theme-transparent-header-meta":"default","adv-header-id-meta":"","stick-header-meta":"","header-above-stick-meta":"","header-main-stick-meta":"","header-below-stick-meta":"","_joinchat":[]},"product_brand":[],"product_cat":[77,44],"product_tag":[],"class_list":{"0":"post-10204","1":"product","2":"type-product","3":"status-publish","4":"has-post-thumbnail","6":"product_cat-nuevos-ingresos","7":"product_cat-pantalones","8":"desktop-align-left","9":"tablet-align-left","10":"mobile-align-left","12":"first","13":"instock","14":"shipping-taxable","15":"purchasable","16":"product-type-variable"},"_links":{"self":[{"href":"https:\/\/lmropaccesorios.com\/index.php\/wp-json\/wp\/v2\/product\/10204","targetHints":{"allow":["GET"]}}],"collection":[{"href":"https:\/\/lmropaccesorios.com\/index.php\/wp-json\/wp\/v2\/product"}],"about":[{"href":"https:\/\/lmropaccesorios.com\/index.php\/wp-json\/wp\/v2\/types\/product"}],"replies":[{"embeddable":true,"href":"https:\/\/lmropaccesorios.com\/index.php\/wp-json\/wp\/v2\/comments?post=10204"}],"wp:featuredmedia":[{"embeddable":true,"href":"https:\/\/lmropaccesorios.com\/index.php\/wp-json\/wp\/v2\/media\/10205"}],"wp:attachment":[{"href":"https:\/\/lmropaccesorios.com\/index.php\/wp-json\/wp\/v2\/media?parent=10204"}],"wp:term":[{"taxonomy":"product_brand","embeddable":true,"href":"https:\/\/lmropaccesorios.com\/index.php\/wp-json\/wp\/v2\/product_brand?post=10204"},{"taxonomy":"product_cat","embeddable":true,"href":"https:\/\/lmropaccesorios.com\/index.php\/wp-json\/wp\/v2\/product_cat?post=10204"},{"taxonomy":"product_tag","embeddable":true,"href":"https:\/\/lmropaccesorios.com\/index.php\/wp-json\/wp\/v2\/product_tag?post=10204"}],"curies":[{"name":"wp","href":"https:\/\/api.w.org\/{rel}","templated":true}]}}