{"id":10058,"date":"2026-03-31T16:56:22","date_gmt":"2026-03-31T16:56:22","guid":{"rendered":"https:\/\/lmropaccesorios.com\/?post_type=product&#038;p=10058"},"modified":"2026-04-04T16:49:07","modified_gmt":"2026-04-04T16:49:07","slug":"campera-bomber","status":"publish","type":"product","link":"https:\/\/lmropaccesorios.com\/index.php\/producto\/campera-bomber\/","title":{"rendered":"Campera Bomber"},"content":{"rendered":"<p>Campera Bomber Suede Elev\u00e1 tu estilo con nuestra Bomber de Suede, la prenda clave para un look urbano y sofisticado. Confeccionada er una tela de gamuza sint\u00e9tica de tacto suave y ca\u00edda impecable, esta campera combina la comodidad de corte cl\u00e1sico bomber con la elegancia de su acabado mate.<br \/>\n\u2022 Detalles del dise\u00f1o: Pu\u00f1os y cintura elastizados para un calce perfecto<\/p>\n<p>Material: Suede premium!<\/p>\n<p>Medidas Aproximadas<\/p>\n<p>Largo 60cm<\/p>\n<p>Ancho 58cm<\/p>\n<p>Sisa 26cm<\/p>\n<p>Ancho de hombro 44cm<\/p>\n<p>Largo de manga 62cm<\/p>\n<p>&nbsp;<\/p>\n<p>&nbsp;<\/p>\n","protected":false},"excerpt":{"rendered":"<p>Campera Bomber Suede Elev\u00e1 tu estilo con nuestra Bomber de Suede, la prenda clave para un look urbano y sofisticado. Confeccionada er una tela de gamuza sint\u00e9tica de tacto suave y ca\u00edda impecable, esta campera combina la comodidad de corte cl\u00e1sico bomber con la elegancia de su acabado mate. \u2022 Detalles del dise\u00f1o: Pu\u00f1os y &hellip;<\/p>\n<p class=\"read-more\"> <a class=\"\" href=\"https:\/\/lmropaccesorios.com\/index.php\/producto\/campera-bomber\/\"> <span class=\"screen-reader-text\">Campera Bomber<\/span> Leer m\u00e1s &raquo;<\/a><\/p>\n","protected":false},"featured_media":10064,"comment_status":"open","ping_status":"closed","template":"","meta":{"site-sidebar-layout":"default","site-content-layout":"default","ast-global-header-display":"","ast-main-header-display":"","ast-hfb-above-header-display":"","ast-hfb-below-header-display":"","ast-hfb-mobile-header-display":"","site-post-title":"","ast-breadcrumbs-content":"","ast-featured-img":"","footer-sml-layout":"","theme-transparent-header-meta":"default","adv-header-id-meta":"","stick-header-meta":"","header-above-stick-meta":"","header-main-stick-meta":"","header-below-stick-meta":"","_joinchat":[]},"product_brand":[],"product_cat":[38,77],"product_tag":[],"class_list":{"0":"post-10058","1":"product","2":"type-product","3":"status-publish","4":"has-post-thumbnail","6":"product_cat-camperas","7":"product_cat-nuevos-ingresos","8":"desktop-align-left","9":"tablet-align-left","10":"mobile-align-left","12":"first","13":"instock","14":"shipping-taxable","15":"purchasable","16":"product-type-variable"},"_links":{"self":[{"href":"https:\/\/lmropaccesorios.com\/index.php\/wp-json\/wp\/v2\/product\/10058","targetHints":{"allow":["GET"]}}],"collection":[{"href":"https:\/\/lmropaccesorios.com\/index.php\/wp-json\/wp\/v2\/product"}],"about":[{"href":"https:\/\/lmropaccesorios.com\/index.php\/wp-json\/wp\/v2\/types\/product"}],"replies":[{"embeddable":true,"href":"https:\/\/lmropaccesorios.com\/index.php\/wp-json\/wp\/v2\/comments?post=10058"}],"wp:featuredmedia":[{"embeddable":true,"href":"https:\/\/lmropaccesorios.com\/index.php\/wp-json\/wp\/v2\/media\/10064"}],"wp:attachment":[{"href":"https:\/\/lmropaccesorios.com\/index.php\/wp-json\/wp\/v2\/media?parent=10058"}],"wp:term":[{"taxonomy":"product_brand","embeddable":true,"href":"https:\/\/lmropaccesorios.com\/index.php\/wp-json\/wp\/v2\/product_brand?post=10058"},{"taxonomy":"product_cat","embeddable":true,"href":"https:\/\/lmropaccesorios.com\/index.php\/wp-json\/wp\/v2\/product_cat?post=10058"},{"taxonomy":"product_tag","embeddable":true,"href":"https:\/\/lmropaccesorios.com\/index.php\/wp-json\/wp\/v2\/product_tag?post=10058"}],"curies":[{"name":"wp","href":"https:\/\/api.w.org\/{rel}","templated":true}]}}